{"id":542,"date":"2022-03-23T12:51:40","date_gmt":"2022-03-23T16:51:40","guid":{"rendered":"https:\/\/colletteinc.ca\/accueil\/"},"modified":"2022-06-09T11:49:57","modified_gmt":"2022-06-09T15:49:57","slug":"home","status":"publish","type":"page","link":"https:\/\/www.colletteinc.ca\/en\/","title":{"rendered":"Home"},"content":{"rendered":"\n    <style type=\"text\/css\">\n        #hero-block_6225f4cbb08cb .bg {\n            background-image: url('https:\/\/www.colletteinc.ca\/wp-content\/uploads\/2022\/06\/collette-header-ff.jpg');\n            background-size: cover;\n        }\n        #hero-block_6225f4cbb08cb:before {\n            display: block;\n        }\n    <\/style>\n\n<section id=\"hero-block_6225f4cbb08cb\" class=\"block block-hero accueil\">\n    <div class=\"container\">\n        <div class=\"content flow\" data-sal=\"slide-right\" data-sal-duration=\"900\">\n            \n\n<h1 class=\"has-blanc-color has-text-color wp-block-heading\">The Leader in Sand Supply, Production and Delivery<\/h1>\n\n\n\n<h2 class=\"wp-block-heading\">Expertise and Innovation for Over 45&nbsp;Years<\/h2>\n\n\n\n<p>As a committed company, our family business participates in site rehabilitation and sustainable development.<\/p>\n\n\n\n<div class=\"wp-block-buttons is-layout-flex wp-block-buttons-is-layout-flex\">\n<div class=\"wp-block-button\"><a class=\"wp-block-button__link\" href=\"https:\/\/colletteinc.ca\/en\/about\/\">About Collette<\/a><\/div>\n\n\n\n<div class=\"wp-block-button\"><a class=\"wp-block-button__link\" href=\"https:\/\/colletteinc.ca\/en\/social-acceptability\/\">Social Acceptability<\/a><\/div>\n<\/div>\n\n\n        <\/div>\n                    <figure class=\"sceau\">\n                <img decoding=\"async\" src=\"https:\/\/www.colletteinc.ca\/wp-content\/uploads\/2022\/04\/collette-stamps-exceeding-expectation-white.svg\" class=\"sceau--text\">\n                <img decoding=\"async\" src=\"https:\/\/www.colletteinc.ca\/wp-content\/themes\/h5-collette\/assets\/images\/sceau.svg\" class=\"sceau--icon\">\n            <\/figure>\n            <\/div>\n\n    <div class=\"bg\" data-sal=\"fade\" data-sal-duration=\"600\"><\/div>\n\n            <svg class=\"svg-line-header line-b\" xmlns=\"http:\/\/www.w3.org\/2000\/svg\" viewBox=\"0 0 1424.2 505.34\"><defs><style>.cls-1{fill:#ee721b;}<\/style><\/defs><path class=\"cls-1\" d=\"M1330.43,49.78C1255.21,172.53,1199.14,251.85,1148.61,307c-53.84,58.74-102.86,91.32-154.26,102.5-46.25,10.08-96.35,3.47-157.67-20.78-58.11-23-125.69-61.27-219.13-124.14l-.29-.19c-117.89-76.53-254.57-76.26-417.85.81-49.73,23.47-99.2,52.6-148.29,85.19H128.7c29.46-17.69,59-33.75,88.43-47.66,71.73-33.85,135.65-51.43,195.41-53.74,66.47-2.57,126,13.83,182,50.13,96,64.55,165.92,104.09,226.89,128.2,69.34,27.42,127.1,34.65,181.78,22.74,126.1-27.45,228.45-159.59,362.63-378.56Z\"\/><\/svg>\n    \n    <div class=\"video\">\n        <iframe loading=\"lazy\" title=\"Collette - Presentation\" src=\"https:\/\/player.vimeo.com\/video\/718059184?dnt=1&amp;app_id=122963\" width=\"640\" height=\"360\" frameborder=\"0\" allow=\"autoplay; fullscreen; picture-in-picture; clipboard-write; encrypted-media; web-share\" referrerpolicy=\"strict-origin-when-cross-origin\"><\/iframe>\n        <iframe loading=\"lazy\" title=\"Collette - Presentation\" src=\"https:\/\/player.vimeo.com\/video\/718059184?dnt=1&amp;app_id=122963&#038;background=1&#038;autoplay=1&#038;muted=1&#038;loop=1&#038;byline=0&#038;title=0\" width=\"640\" height=\"360\" frameborder=\"0\" allow=\"autoplay; fullscreen; picture-in-picture; clipboard-write; encrypted-media; web-share\" referrerpolicy=\"strict-origin-when-cross-origin\" frameborder=\"0\"><\/iframe>    <\/div>\n<\/section>\n\n\n<section id=\"intro-block_622558d482235\" class=\"block block-intro\">\n    <div class=\"container\">\n        <aside class=\"intro-aside\" data-sal=\"slide-right\" data-sal-duration=\"900\">\n            <span>FOR OVER <br \/>\r\n45 YEARS<\/span>\n        <\/aside>\n        <div class=\"content\" data-sal=\"slide-left\" data-sal-duration=\"900\">\n            <div class=\"flow\">\n                \n\n<h2 class=\"wp-block-heading\">Collette<\/h2>\n\n\n\n<h3 class=\"subtitle wp-block-heading\">Production of sand supplies<\/h3>\n\n\n\n<p>The largest provider of compaction sand on the South Shore of Montreal, Collette relies on rigorous standards, an environmentally-responsible approach and a range of varied, fast and efficient services.<\/p>\n\n\n\n<p>Always striving for development and innovation, we produce and deliver, to our customers in the building industry and other sectors, high-quality types of sand that meet the highest industry standards<\/p>\n\n\n\n<div class=\"wp-block-button\"><a class=\"wp-block-button__link\" href=\"https:\/\/colletteinc.ca\/en\/about\/\"><strong>&nbsp;<\/strong>LEARN MORE<\/a><\/div>\n\n\n            <\/div>\n                            <svg class=\"intro-logo\" xmlns=\"http:\/\/www.w3.org\/2000\/svg\" width=\"192.617\" height=\"223.689\" viewBox=\"0 0 192.617 223.689\">\n                    <g id=\"Group_48\" data-name=\"Group 48\" transform=\"translate(0)\" opacity=\"0.038\">\n                        <path id=\"Path_218\" data-name=\"Path 218\" d=\"M523.271,399.2a26.517,26.517,0,0,0-37.505,0l-5.008,5c-13.257-8.656-28.238-18.419-44.375-28.115-17.6-10.557-33.461-19.175-49.825-27.071l2.573-5.734a26.521,26.521,0,1,0-35.055,13.345l8.1,3.629c.473,1.375.933,2.769,1.375,4.221l.111.342a161.786,161.786,0,0,1,0,105.841l-.115.349c-.434,1.433-.891,2.827-1.367,4.194l-8.1,3.633a26.594,26.594,0,0,0-15.665,24.24,26.573,26.573,0,0,0,26.529,26.5,26.54,26.54,0,0,0,24.19-37.394l-2.573-5.734c16.41-7.919,32.267-16.537,49.829-27.079,16.057-9.639,30.938-19.34,44.107-27.935l5.269,5.273A26.523,26.523,0,1,0,523.271,399.2Zm-12.09,18.756a6.636,6.636,0,0,1-1.951,4.712,6.832,6.832,0,0,1-9.428,0l-4.712-4.712,4.716-4.716a6.821,6.821,0,0,1,9.424,0A6.6,6.6,0,0,1,511.181,417.96Zm-118.764-.211v-.011a181.612,181.612,0,0,0-6.106-46.7c12.877,6.5,25.934,13.733,39.848,22.078,14.044,8.441,27.436,17.086,39,24.621-11.563,7.535-24.951,16.183-38.991,24.613-13.941,8.368-27,15.6-39.852,22.086A181.568,181.568,0,0,0,392.418,417.749Zm-33.565,88.022a6.668,6.668,0,0,1,3.352-8.806l6.079-2.734,2.727,6.087a6.663,6.663,0,1,1-12.159,5.454Zm0-176.07a6.592,6.592,0,0,1,3.706-3.5,6.607,6.607,0,0,1,5.1.146,6.644,6.644,0,0,1,3.353,8.81l-2.727,6.083-6.079-2.731a6.669,6.669,0,0,1-3.352-8.81Z\" transform=\"translate(-338.411 -305.892)\"\/>\n                    <\/g>\n                <\/svg>\n                    <\/div>\n    <\/div>\n<\/section>\n\n\n<section id=\"text-image-block_6225e1df8c4ca\" class=\"block block-text-image inverted\">\n    <div class=\"container large\">\n        <div class=\"content flow\">\n            \n\n<h2 class=\"wp-block-heading\">Our Services<\/h2>\n\n\n\n<h3 class=\"subtitle wp-block-heading\">A Whole Range of Services for Your Projects<\/h3>\n\n\n\n<p>Plus important fournisseur de sable \u00e0 compaction de la Rive-Sud de Montr\u00e9al, Collette mise sur des standards rigoureux, une d\u00e9marche \u00e9coresponsable et une gamme de services vari\u00e9s, rapides et efficaces.&nbsp;<\/p>\n\n\n\n<ul class=\"wp-block-list\"><li><a href=\"https:\/\/colletteinc.ca\/en\/services\/#sandandtagregats\">Sand and aggregate sale and transport<\/a><\/li><li><a href=\"https:\/\/colletteinc.ca\/en\/services\/#rental\">Machinery rental<\/a><\/li><li><a href=\"https:\/\/colletteinc.ca\/en\/services\/#wastereuse\">Industrial ecology and material waste reuse process<\/a><\/li><li><a href=\"https:\/\/colletteinc.ca\/en\/services\/#marineworks\">Marine works and dredging sediment management<\/a><\/li><li><a href=\"https:\/\/colletteinc.ca\/en\/services\/#marineworks\">Storage of industrial and commercial goods<\/a><\/li><\/ul>\n\n\n\n<div class=\"wp-block-button\"><a class=\"wp-block-button__link\" href=\"https:\/\/colletteinc.ca\/en\/services\/\">Learn About Our Services<\/a><\/div>\n\n\n        <\/div>\n        <figure class=\"image\" data-sal=\"slide-right\" data-sal-duration=\"900\">\n                            <img decoding=\"async\" src=\"https:\/\/www.colletteinc.ca\/wp-content\/uploads\/2022\/04\/collette-accueil-services-1.jpg\" alt=\"\" \/>\n                    <\/figure>\n    <\/div>\n<\/section>\n\n\n<section id=\"qualite-produits-block_6225e2308c4cb\" class=\"block block-qualite-produits\">\n    <div class=\"container\">\n        <div class=\"content flow\">\n            \n\n<h2 class=\"wp-block-heading\">Our products<\/h2>\n\n\n\n<h3 class=\"subtitle wp-block-heading\">Quality Is Our Top Priority<\/h3>\n\n\n\n<p>Collette offers several types of sand and other materials for all your projects.<\/p>\n\n\n\n<p>Our certified sands and aggregates are rigorously inspected and lab tested by our qualified team in order to provide you with the best products available on the market.<\/p>\n\n\n\n<div class=\"wp-block-button\"><a class=\"wp-block-button__link\" href=\"https:\/\/colletteinc.ca\/en\/products\/\">Learn About Our Products<\/a><\/div>\n\n\n        <\/div>\n        <figure class=\"image\" >\n                            <img decoding=\"async\" src=\"https:\/\/www.colletteinc.ca\/wp-content\/uploads\/2022\/04\/Collette-accueil-produits.jpg\" alt=\"\" data-sal=\"slide-left\" data-sal-duration=\"900\" \/>\n                    <\/figure>\n    <\/div>\n\n    <svg class=\"svg-line-header line-b\" xmlns=\"http:\/\/www.w3.org\/2000\/svg\" viewBox=\"0 0 1424.2 505.34\"><defs><style>.cls-1000{fill:#ee721b;}<\/style><\/defs><path class=\"cls-1000\" d=\"M1330.43,49.78C1255.21,172.53,1199.14,251.85,1148.61,307c-53.84,58.74-102.86,91.32-154.26,102.5-46.25,10.08-96.35,3.47-157.67-20.78-58.11-23-125.69-61.27-219.13-124.14l-.29-.19c-117.89-76.53-254.57-76.26-417.85.81-49.73,23.47-99.2,52.6-148.29,85.19H128.7c29.46-17.69,59-33.75,88.43-47.66,71.73-33.85,135.65-51.43,195.41-53.74,66.47-2.57,126,13.83,182,50.13,96,64.55,165.92,104.09,226.89,128.2,69.34,27.42,127.1,34.65,181.78,22.74,126.1-27.45,228.45-159.59,362.63-378.56Z\"\/><\/svg>\n<\/section>\n\n\n<section id=\"accueil-calculatrice-block_6225e2b48c4cc\" class=\"block block-accueil-calculatrice\">\n    <div class=\"container\">\n        <svg xmlns=\"http:\/\/www.w3.org\/2000\/svg\" width=\"245.672\" height=\"279.352\" viewBox=\"0 0 245.672 279.352\">\n            <g id=\"Group_78\" data-name=\"Group 78\" transform=\"matrix(0.966, 0.259, -0.259, 0.966, -521.603, -889.941)\" opacity=\"0.046\">\n                <path id=\"Path_292\" data-name=\"Path 292\" d=\"M955.983,708.663H821.946A28.158,28.158,0,0,0,793.7,736.676V918.807a28.157,28.157,0,0,0,28.244,28.012H955.983a28.156,28.156,0,0,0,28.244-28.012V736.676A28.157,28.157,0,0,0,955.983,708.663Zm20.591,210.143a20.535,20.535,0,0,1-20.591,20.422H821.946a20.527,20.527,0,0,1-20.59-20.422V736.676a20.526,20.526,0,0,1,20.59-20.421H955.983a20.533,20.533,0,0,1,20.591,20.421Z\" fill=\"#0a0a0a\"\/>\n                <path id=\"Path_293\" data-name=\"Path 293\" d=\"M1003.322,851.283H883.041a13.991,13.991,0,0,1-14.033-13.917V819.29a13.991,13.991,0,0,1,14.033-13.917h120.281a13.991,13.991,0,0,1,14.031,13.917v18.076A13.991,13.991,0,0,1,1003.322,851.283ZM883.041,812.964a6.359,6.359,0,0,0-6.379,6.326v18.076a6.359,6.359,0,0,0,6.379,6.326h120.281a6.36,6.36,0,0,0,6.378-6.326V819.29a6.36,6.36,0,0,0-6.378-6.326Z\" transform=\"translate(-54.216 -69.626)\" fill=\"#0a0a0a\"\/>\n                <g id=\"Group_73\" data-name=\"Group 73\" transform=\"translate(851.423 792.141)\">\n                    <path id=\"Path_294\" data-name=\"Path 294\" d=\"M1018.944,1045.422h-5.832a13.264,13.264,0,0,1-13.3-13.194v-12.291a13.264,13.264,0,0,1,13.3-13.195h5.832a13.265,13.265,0,0,1,13.3,13.195v12.291A13.265,13.265,0,0,1,1018.944,1045.422Zm-5.832-31.089a5.632,5.632,0,0,0-5.649,5.6v12.291a5.633,5.633,0,0,0,5.649,5.6h5.832a5.633,5.633,0,0,0,5.649-5.6v-12.291a5.633,5.633,0,0,0-5.649-5.6Z\" transform=\"translate(-999.809 -1006.741)\" fill=\"#0a0a0a\"\/>\n                    <path id=\"Path_295\" data-name=\"Path 295\" d=\"M1018.944,1223.555h-5.832a13.264,13.264,0,0,1-13.3-13.2v-12.29a13.264,13.264,0,0,1,13.3-13.2h5.832a13.264,13.264,0,0,1,13.3,13.2v12.29A13.265,13.265,0,0,1,1018.944,1223.555Zm-5.832-31.088a5.633,5.633,0,0,0-5.649,5.6v12.29a5.633,5.633,0,0,0,5.649,5.6h5.832a5.633,5.633,0,0,0,5.649-5.6v-12.29a5.633,5.633,0,0,0-5.649-5.6Z\" transform=\"translate(-999.809 -1134.988)\" fill=\"#0a0a0a\"\/>\n                    <path id=\"Path_296\" data-name=\"Path 296\" d=\"M1018.944,1397.817h-5.832a13.265,13.265,0,0,1-13.3-13.2v-12.292a13.265,13.265,0,0,1,13.3-13.2h5.832a13.266,13.266,0,0,1,13.3,13.2v12.292A13.266,13.266,0,0,1,1018.944,1397.817Zm-5.832-31.091a5.633,5.633,0,0,0-5.649,5.6v12.292a5.633,5.633,0,0,0,5.649,5.6h5.832a5.633,5.633,0,0,0,5.649-5.6v-12.292a5.633,5.633,0,0,0-5.649-5.6Z\" transform=\"translate(-999.809 -1260.445)\" fill=\"#0a0a0a\"\/>\n                <\/g>\n                <g id=\"Group_74\" data-name=\"Group 74\" transform=\"translate(894.069 792.141)\">\n                    <path id=\"Path_297\" data-name=\"Path 297\" d=\"M1171.222,1045.422h-5.833a13.264,13.264,0,0,1-13.3-13.194v-12.291a13.264,13.264,0,0,1,13.3-13.195h5.833a13.265,13.265,0,0,1,13.3,13.195v12.291A13.265,13.265,0,0,1,1171.222,1045.422Zm-5.833-31.089a5.633,5.633,0,0,0-5.65,5.6v12.291a5.634,5.634,0,0,0,5.65,5.6h5.833a5.633,5.633,0,0,0,5.648-5.6v-12.291a5.633,5.633,0,0,0-5.648-5.6Z\" transform=\"translate(-1152.086 -1006.741)\" fill=\"#0a0a0a\"\/>\n                    <path id=\"Path_298\" data-name=\"Path 298\" d=\"M1171.222,1223.555h-5.833a13.264,13.264,0,0,1-13.3-13.2v-12.29a13.264,13.264,0,0,1,13.3-13.2h5.833a13.264,13.264,0,0,1,13.3,13.2v12.29A13.265,13.265,0,0,1,1171.222,1223.555Zm-5.833-31.088a5.634,5.634,0,0,0-5.65,5.6v12.29a5.634,5.634,0,0,0,5.65,5.6h5.833a5.633,5.633,0,0,0,5.648-5.6v-12.29a5.633,5.633,0,0,0-5.648-5.6Z\" transform=\"translate(-1152.086 -1134.988)\" fill=\"#0a0a0a\"\/>\n                    <path id=\"Path_299\" data-name=\"Path 299\" d=\"M1171.222,1397.817h-5.833a13.265,13.265,0,0,1-13.3-13.2v-12.292a13.265,13.265,0,0,1,13.3-13.2h5.833a13.266,13.266,0,0,1,13.3,13.2v12.292A13.266,13.266,0,0,1,1171.222,1397.817Zm-5.833-31.091a5.633,5.633,0,0,0-5.65,5.6v12.292a5.634,5.634,0,0,0,5.65,5.6h5.833a5.633,5.633,0,0,0,5.648-5.6v-12.292a5.633,5.633,0,0,0-5.648-5.6Z\" transform=\"translate(-1152.086 -1260.445)\" fill=\"#0a0a0a\"\/>\n                <\/g>\n                <g id=\"Group_77\" data-name=\"Group 77\" transform=\"translate(809.871 792.141)\">\n                    <g id=\"Group_75\" data-name=\"Group 75\">\n                        <path id=\"Path_300\" data-name=\"Path 300\" d=\"M870.572,1045.422H864.74a13.265,13.265,0,0,1-13.3-13.194v-12.291a13.265,13.265,0,0,1,13.3-13.195h5.832a13.264,13.264,0,0,1,13.3,13.195v12.291A13.264,13.264,0,0,1,870.572,1045.422Zm-5.832-31.089a5.633,5.633,0,0,0-5.649,5.6v12.291a5.633,5.633,0,0,0,5.649,5.6h5.832a5.633,5.633,0,0,0,5.649-5.6v-12.291a5.632,5.632,0,0,0-5.649-5.6Z\" transform=\"translate(-851.436 -1006.741)\" fill=\"#0a0a0a\"\/>\n                        <path id=\"Path_301\" data-name=\"Path 301\" d=\"M870.588,1184.863h-5.84a13.267,13.267,0,0,0-13.3,13.2v61.089a13.267,13.267,0,0,0,13.3,13.2h5.84a13.26,13.26,0,0,0,13.3-13.2v-61.089A13.259,13.259,0,0,0,870.588,1184.863Zm5.641,74.288a5.628,5.628,0,0,1-5.641,5.608h-5.84a5.636,5.636,0,0,1-5.643-5.608v-61.089a5.636,5.636,0,0,1,5.643-5.608h5.84a5.628,5.628,0,0,1,5.641,5.608Z\" transform=\"translate(-851.448 -1134.979)\" fill=\"#0a0a0a\"\/>\n                    <\/g>\n                    <g id=\"Group_76\" data-name=\"Group 76\" transform=\"translate(125.749)\">\n                        <path id=\"Path_302\" data-name=\"Path 302\" d=\"M1319.591,1045.422h-5.833a13.265,13.265,0,0,1-13.3-13.194v-12.291a13.265,13.265,0,0,1,13.3-13.195h5.833a13.264,13.264,0,0,1,13.3,13.195v12.291A13.264,13.264,0,0,1,1319.591,1045.422Zm-5.833-31.089a5.632,5.632,0,0,0-5.648,5.6v12.291a5.632,5.632,0,0,0,5.648,5.6h5.833a5.633,5.633,0,0,0,5.649-5.6v-12.291a5.632,5.632,0,0,0-5.649-5.6Z\" transform=\"translate(-1300.455 -1006.741)\" fill=\"#0a0a0a\"\/>\n                        <path id=\"Path_303\" data-name=\"Path 303\" d=\"M1319.591,1223.555h-5.833a13.265,13.265,0,0,1-13.3-13.2v-12.29a13.264,13.264,0,0,1,13.3-13.2h5.833a13.263,13.263,0,0,1,13.3,13.2v12.29A13.264,13.264,0,0,1,1319.591,1223.555Zm-5.833-31.088a5.632,5.632,0,0,0-5.648,5.6v12.29a5.632,5.632,0,0,0,5.648,5.6h5.833a5.633,5.633,0,0,0,5.649-5.6v-12.29a5.633,5.633,0,0,0-5.649-5.6Z\" transform=\"translate(-1300.455 -1134.988)\" fill=\"#0a0a0a\"\/>\n                        <path id=\"Path_304\" data-name=\"Path 304\" d=\"M1319.591,1397.817h-5.833a13.266,13.266,0,0,1-13.3-13.2v-12.292a13.266,13.266,0,0,1,13.3-13.2h5.833a13.265,13.265,0,0,1,13.3,13.2v12.292A13.265,13.265,0,0,1,1319.591,1397.817Zm-5.833-31.091a5.632,5.632,0,0,0-5.648,5.6v12.292a5.632,5.632,0,0,0,5.648,5.6h5.833a5.633,5.633,0,0,0,5.649-5.6v-12.292a5.633,5.633,0,0,0-5.649-5.6Z\" transform=\"translate(-1300.455 -1260.445)\" fill=\"#0a0a0a\"\/>\n                    <\/g>\n                <\/g>\n            <\/g>\n        <\/svg>\n        <div class=\"content flow\">\n            \n\n<h2 class=\"wp-block-heading\">How Much Sand or Aggregate Will Your Project Need?<\/h2>\n\n\n\n<h3 class=\"subtitle wp-block-heading\">Make Things Easier \u2014 Try Our Calculator<\/h3>\n\n\n\n<div class=\"wp-block-button\"><a class=\"wp-block-button__link\" href=\"https:\/\/colletteinc.ca\/en\/calculator\/\">Calculate My Needs<\/a><\/div>\n\n\n        <\/div>\n    <\/div>\n<\/section>\n\n<section class=\"block block-blogue block-blogue--homepage\">\n    <div class=\"container\">\n        <div class=\"head\">\n            <div class=\"title\">\n                <h2>The Collette Blog<\/h2>\n                <h3 class=\"subtitle\">For All the Latest Industry News<\/h3>\n            <\/div>\n            <div class=\"wp-block-button\">\n                <a class=\"wp-block-button__link\" href=\"https:\/\/www.colletteinc.ca\/en\/blog\/\">Consulter les archives<\/a>\n            <\/div>\n        <\/div>\n        <div class=\"loop\">\n\n                                            <\/div>\n            <\/div>\n<\/section>\n\n\n<style type=\"text\/css\">\n\t#accueil-footer-block_6225f106e89e2 .col-left {\n\t\tbackground-image: url('https:\/\/www.colletteinc.ca\/wp-content\/uploads\/2022\/03\/collette-accueil-footer-ecoresponsable.png');\n\t}\n    #accueil-footer-block_6225f106e89e2 .col-right {\n\t\tbackground-image: url('https:\/\/www.colletteinc.ca\/wp-content\/uploads\/2022\/03\/collette-accueil-footer-equipe.png');\n\t}\n<\/style>\n\n<section id=\"accueil-footer-block_6225f106e89e2\" class=\"block block-accueil-footer\">    \n        <div class=\"col col-left\">\n            <div class=\"content flow\">\n                <h2>Making Acceptability of Our Approach a Priority<\/h2>\n<h3 class=\"subtitle\">Our Commitment: Behave Ethically and Be an Inspiring Corporate Citizen<\/h3>\n<p>Our company is concerned with current environmental issues and is increasing its eco-responsible approach based on sustainable development and the circular economy.<\/p>\n<p>The Collette team is committed and respectful to its environmental obligations, especially those regarding agriculture restoration, land reforestation, and product revalorization.<\/p>\n                                                    <div class=\"wp-block-button\">\n                        <a class=\"wp-block-button__link\" href=\"\/en\/social-acceptabilty\/\" target=\"\">Our Green Initiatives<\/a>\n                    <\/div>\n                            <\/div>\n        <\/div>\n        <div class=\"col col-right\">\n            <div class=\"content flow\">\n                <h2>Join the Collette Team<\/h2>\n<h3 class=\"subtitle\">Build a Career With Us!<\/h3>\n<p>Are you looking for a dynamic and stimulating job, and would you like to be involved in company that values sustainability and puts people first?<\/p>\n<p>Apply to join Collette, a caring company that prioritizes health and safety in the workplace, job stability, and professional well-being on a daily basis<\/p>\n                <div class=\"postes\">\n                    <span class=\"postes-label\">Postes en vedette<\/span>\n                    <ul class=\"postes-liste\">\n                                                                          \n                    <\/ul>\n                <\/div>\n                                                    <div class=\"wp-block-button\">\n                        <a class=\"wp-block-button__link\" href=\"\/en\/careers\/\" target=\"\">Learn About Our Job Opportunities<\/a>\n                    <\/div>\n                            <\/div>\n        <\/div>\n<\/section>","protected":false},"excerpt":{"rendered":"","protected":false},"author":1,"featured_media":0,"parent":0,"menu_order":0,"comment_status":"closed","ping_status":"closed","template":"","meta":{"inline_featured_image":false,"footnotes":""},"class_list":["post-542","page","type-page","status-publish","hentry"],"acf":[],"_links":{"self":[{"href":"https:\/\/www.colletteinc.ca\/en\/wp-json\/wp\/v2\/pages\/542","targetHints":{"allow":["GET"]}}],"collection":[{"href":"https:\/\/www.colletteinc.ca\/en\/wp-json\/wp\/v2\/pages"}],"about":[{"href":"https:\/\/www.colletteinc.ca\/en\/wp-json\/wp\/v2\/types\/page"}],"author":[{"embeddable":true,"href":"https:\/\/www.colletteinc.ca\/en\/wp-json\/wp\/v2\/users\/1"}],"replies":[{"embeddable":true,"href":"https:\/\/www.colletteinc.ca\/en\/wp-json\/wp\/v2\/comments?post=542"}],"version-history":[{"count":31,"href":"https:\/\/www.colletteinc.ca\/en\/wp-json\/wp\/v2\/pages\/542\/revisions"}],"predecessor-version":[{"id":1142,"href":"https:\/\/www.colletteinc.ca\/en\/wp-json\/wp\/v2\/pages\/542\/revisions\/1142"}],"wp:attachment":[{"href":"https:\/\/www.colletteinc.ca\/en\/wp-json\/wp\/v2\/media?parent=542"}],"curies":[{"name":"wp","href":"https:\/\/api.w.org\/{rel}","templated":true}]}}